{"id":2,"date":"2015-11-09T17:28:44","date_gmt":"2015-11-09T09:28:44","guid":{"rendered":"http:\/\/127.0.0.1\/gaoma\/?page_id=2"},"modified":"2017-03-16T15:14:59","modified_gmt":"2017-03-16T07:14:59","slug":"about-us","status":"publish","type":"page","link":"https:\/\/www.grandmart.com.mo\/?page_id=2","title":{"rendered":"\u95dc\u65bc\u6211\u5011 About Us"},"content":{"rendered":"<p><strong>\u9ad8\u746a\u751f\u6d3b\u767e\u8ca8<\/strong>\u662f\u4e00\u6240\u5d84\u65b0\u6982\u5ff5\u65e5\u5f0f\u8d85\u7d1a\u5e02\u5834\uff0c\u6211\u5011\u70ba\u60a8\u63d0\u4f9b\u8212\u9069\u7684\u8cfc\u7269\u74b0\u5883\uff0c\u66f4\u641c\u7f85\u74b0\u7403\u7cbe\u9078\u98df\u6750\u3002<br \/>\n\u5f9e\u65b0\u9bae\u98df\u54c1\u3001\u7ce7\u6cb9\u96dc\u8ca8\u3001\u5916\u570b\u96f6\u98df\u3001\u98f2\u54c1\u4ee5\u81f3\u500b\u4eba\u53ca\u5bb6\u5c45\u8b77\u7406\uff0c\u5747\u5e36\u7d66\u4f60\u5145\u6eff\u9a5a\u559c\u7684\u8cfc\u7269\u6a02\u8da3\uff01<\/p>\n<p>Grand Mart Department store has a Japanese lifestyle supermarket located at G\/F. Whenever you visit us, you will be greeted with a pleasant shopping environment full of special delicacies from all over the world. We provide you with surprises and delights, while catering all your daily needs from full range of fresh food, basic grocery foreign confectionery, personal and household care.<\/p>\n<h2><strong>\u5e97\u8216\u4ecb\u7d39\u00a0<\/strong><strong>Store Info<\/strong><\/h2>\n<p><strong>\u65b0\u9bae\u852c\u679c\u00a0<\/strong><strong>Fruit &amp; Vegetable<\/strong><\/p>\n<p><a href=\"\/wp-content\/uploads\/2015\/11\/20140319_112249_5_bestshot1-300x169.jpg\"><img loading=\"lazy\" decoding=\"async\" class=\"alignnone wp-image-60 size-medium\" src=\"\/wp-content\/uploads\/2015\/11\/20140319_112249_5_bestshot1-300x169-300x169.jpg\" alt=\"20140319_112249_5_bestshot1-300x169\" width=\"300\" height=\"169\" \/><\/a><\/p>\n<p>\u9084\u5728\u7169\u60f1\u90a3\u88e1\u53ef\u4ee5\u8cfc\u8cb7\u512a\u8cea\u852c\u679c\u55ce\uff1f\u6211\u5011\u6bcf\u5929\u90fd\u80fd\u5e36\u7d66\u4f60\u6700\u65b0\u9bae\u7684\u852c\u679c\u3002<br \/>\n\u65b0\u9bae\u852c\u679c\u662f\u76f4\u63a5\u5f9e\u65e5\u672c\u3001\u6cf0\u570b\u3001\u8377\u862d\u53ca\u6fb3\u6d32\u7b49\u5730\u9032\u53e3\u3002\u4f60\u66f4\u53ef\u627e\u5230\u65e5\u672c\u6700\u53d7\u6b61\u8fce\u7684\u6c34\u679c\uff0c\u5982\u5bcc\u58eb\u860b\u679c\uff0c\u65e5\u672c\u6a58\uff0c\u767d\u6843\u548c\u5de8\u5cf0\u8461\u8404\u3002\u5728\u9ad8\u746a\u751f\u6d3b\u767e\u8ca8\uff0c\u4f60\u53ef\u4ee5\u767c\u6398\u66f4\u591a\u9a5a\u559c!<\/p>\n<p>Having trouble in getting premium fruit and vegetable? We have the solution for your finest choice of the day. We offer a wide range of quality fresh fruit and vegetable coming from Japan, Thailand, Holland and Australia. Good idea on popular Japanese fruit choice, such as, Fuji apple, Yuzu, white peach and Kyoho grape. Please come and look for more surprise in our store!<\/p>\n<hr \/>\n<p><strong>\u9bae\u8089 Meat<\/strong><\/p>\n<p><strong><a href=\"\/wp-content\/uploads\/2015\/11\/Meat.jpg\"><img loading=\"lazy\" decoding=\"async\" class=\"alignnone size-medium wp-image-201\" src=\"\/wp-content\/uploads\/2015\/11\/Meat-300x200.jpg\" alt=\"Meat\" width=\"300\" height=\"200\" srcset=\"https:\/\/www.grandmart.com.mo\/wp-content\/uploads\/2015\/11\/Meat-300x200.jpg 300w, https:\/\/www.grandmart.com.mo\/wp-content\/uploads\/2015\/11\/Meat-1024x683.jpg 1024w, https:\/\/www.grandmart.com.mo\/wp-content\/uploads\/2015\/11\/Meat-1140x760.jpg 1140w, https:\/\/www.grandmart.com.mo\/wp-content\/uploads\/2015\/11\/Meat-570x380.jpg 570w, https:\/\/www.grandmart.com.mo\/wp-content\/uploads\/2015\/11\/Meat-380x254.jpg 380w, https:\/\/www.grandmart.com.mo\/wp-content\/uploads\/2015\/11\/Meat-285x190.jpg 285w\" sizes=\"auto, (max-width: 300px) 100vw, 300px\" \/><\/a><\/strong><\/p>\n<p>\u60f3\u81ea\u5bb6\u5236\u65e5\u5f0f\u9435\u677f\u71d2\u5927\u9910? \u90a3\u4f60\u4f86\u5c0d\u4e86\u5730\u65b9! \u6211\u5011\u70ba\u4f60\u56b4\u9078A\u7d1a\u65e5\u672c\u548c\u725b\u3001\u7f8e\u570b\u5b89\u683c\u65af\u725b\u8089\u3001\u512a\u8cea\u8c6c\u8089\u53ca\u5bb6\u79bd\u8089\u985e\u3002<\/p>\n<p>Wishing to have homemade Teppanyaki with your family? You have picked the right place! We have selected grade A Wagyu, Angus beef, fine pork &amp; poultry for you.<\/p>\n<hr \/>\n<p><strong>\u51b7\u51cd\u98df\u54c1\u00a0<\/strong><strong>Frozen &amp; Chill<\/strong><\/p>\n<p><strong><a href=\"\/wp-content\/uploads\/2015\/11\/FrozenChill.jpg\"><img loading=\"lazy\" decoding=\"async\" class=\"alignnone size-medium wp-image-202\" src=\"\/wp-content\/uploads\/2015\/11\/FrozenChill-300x200.jpg\" alt=\"Frozen&amp;Chill\" width=\"300\" height=\"200\" srcset=\"https:\/\/www.grandmart.com.mo\/wp-content\/uploads\/2015\/11\/FrozenChill-300x200.jpg 300w, https:\/\/www.grandmart.com.mo\/wp-content\/uploads\/2015\/11\/FrozenChill-1024x683.jpg 1024w, https:\/\/www.grandmart.com.mo\/wp-content\/uploads\/2015\/11\/FrozenChill-1140x760.jpg 1140w, https:\/\/www.grandmart.com.mo\/wp-content\/uploads\/2015\/11\/FrozenChill-570x380.jpg 570w, https:\/\/www.grandmart.com.mo\/wp-content\/uploads\/2015\/11\/FrozenChill-380x254.jpg 380w, https:\/\/www.grandmart.com.mo\/wp-content\/uploads\/2015\/11\/FrozenChill-285x190.jpg 285w\" sizes=\"auto, (max-width: 300px) 100vw, 300px\" \/><\/a><\/strong><\/p>\n<p>\u5f9e\u4e00\u5bb6\u5927\u5c0f\u6700\u611b\u7684\u9903\u5b50\u548c\u6d77\u9bae\uff0c\u4ee5\u81f3\u5065\u5eb7\u4e4b\u9078\u8089\u985e\u548c\u852c\u83dc\uff0c\u4f60\u6703\u767c\u73fe\u512a\u8cea\u7684\u51b7\u51cd\u98df\u54c1\u4e0d\u50c5\u65b9\u4fbf\uff0c\u800c\u4e14\u9084\u662f\u5341\u5206\u7f8e\u5473\uff01\u4ecb\u7d39\u4e00\u4e9b\u6211\u5011\u7684\u51b7\u51cd\u98df\u54c1: \u65e5\u97d3\u9032\u53e3\u9903\u5b50\u3001\u7f8e\u570b\u9921\u9905\u548c\u7cd5\u9ede\u3001\u706b\u934b\u6700\u4f73\u98df\u54c1\u80a5\u725b\u6d77\u9bae\u53ca\u8c46\u8150\u3001\u4ee4\u4eba\u96e3\u4ee5\u6297\u62d2\u7684\u96ea\u7cd5\u548c\u751c\u54c1\u8a98\u60d1\u3002\u9019\u88e1\u9f4a\u5099\u4e86\u4f60\u6240\u60f3\u5403\u7684\u6771\u897f !<\/p>\n<p>From family favorite\u2019s dumpling and seafood to healthy meat and vegetables, you\u2019ll find a great range of quality frozen food which is not just convenient but also delicious!<\/p>\n<p>Let\u2019s introduce some of our frozen foods: Japanese &amp; Korean Dumpling, US pies &amp; pastry, best for hotpot meat, seafood &amp; Tofu, tempting ice-cream &amp; dessert. You will find whatever you can think of!<\/p>\n<hr \/>\n<p><strong>\u706b\u817f\u548c\u829d\u58eb\u00a0<\/strong><strong>Ham &amp; Cheese<\/strong><\/p>\n<p><strong><a href=\"\/wp-content\/uploads\/2015\/11\/HamCheese.jpg\"><img loading=\"lazy\" decoding=\"async\" class=\"alignnone size-medium wp-image-203\" src=\"\/wp-content\/uploads\/2015\/11\/HamCheese-300x200.jpg\" alt=\"Ham&amp;Cheese\" width=\"300\" height=\"200\" srcset=\"https:\/\/www.grandmart.com.mo\/wp-content\/uploads\/2015\/11\/HamCheese-300x200.jpg 300w, https:\/\/www.grandmart.com.mo\/wp-content\/uploads\/2015\/11\/HamCheese-1024x683.jpg 1024w, https:\/\/www.grandmart.com.mo\/wp-content\/uploads\/2015\/11\/HamCheese-1140x760.jpg 1140w, https:\/\/www.grandmart.com.mo\/wp-content\/uploads\/2015\/11\/HamCheese-570x380.jpg 570w, https:\/\/www.grandmart.com.mo\/wp-content\/uploads\/2015\/11\/HamCheese-380x254.jpg 380w, https:\/\/www.grandmart.com.mo\/wp-content\/uploads\/2015\/11\/HamCheese-285x190.jpg 285w\" sizes=\"auto, (max-width: 300px) 100vw, 300px\" \/><\/a><\/strong><\/p>\n<p>\u829d\u58eb\u548c\u706b\u817f\u662f\u5b8c\u7f8e\u7684\u7d44\u5408\uff01\u6cd5\u570bBrie\u3001\u610f\u5927\u5229Mozzarella \u548c\u745e\u58ebEmmental \u829d\u58eb\uff0c\u4f60\u8f03\u559c\u6b61\u90a3\u4e00\u7a2e? \u897f\u73ed\u7259\u706b\u9058\u817f\u7576\u7136\u8981\u9078Jam\u00f3n Serrano \u548cJam\u00f3n Ib\u00e9rico.<\/p>\n<p>Ham &amp; Cheese is the perfect match of cold cut. French Brie, Italian Mozzarella and Swiss Emmental cheese, which one do you like the most? Jam\u00f3n Serrano and Jam\u00f3n Ib\u00e9rico\u00a0are the best choice for Spanish ham.<\/p>\n<hr \/>\n<p><strong>\u58fd\u53f8\u53ca\u523a\u8eab\u00a0Sushi and Sashimi<\/strong><\/p>\n<p><strong><a href=\"\/wp-content\/uploads\/2015\/11\/Lifestyle-Grocery.jpg\"><img loading=\"lazy\" decoding=\"async\" class=\"alignnone size-medium wp-image-204\" src=\"\/wp-content\/uploads\/2015\/11\/Lifestyle-Grocery-300x200.jpg\" alt=\"Lifestyle Grocery\" width=\"300\" height=\"200\" srcset=\"https:\/\/www.grandmart.com.mo\/wp-content\/uploads\/2015\/11\/Lifestyle-Grocery-300x200.jpg 300w, https:\/\/www.grandmart.com.mo\/wp-content\/uploads\/2015\/11\/Lifestyle-Grocery-1024x683.jpg 1024w, https:\/\/www.grandmart.com.mo\/wp-content\/uploads\/2015\/11\/Lifestyle-Grocery-1140x760.jpg 1140w, https:\/\/www.grandmart.com.mo\/wp-content\/uploads\/2015\/11\/Lifestyle-Grocery-570x380.jpg 570w, https:\/\/www.grandmart.com.mo\/wp-content\/uploads\/2015\/11\/Lifestyle-Grocery-380x254.jpg 380w, https:\/\/www.grandmart.com.mo\/wp-content\/uploads\/2015\/11\/Lifestyle-Grocery-285x190.jpg 285w\" sizes=\"auto, (max-width: 300px) 100vw, 300px\" \/><\/a><\/strong><\/p>\n<p>\u58fd\u53f8\u53ca\u523a\u8eab\u6700\u80fd\u4ee3\u8868\u65e5\u672c\u98f2\u98df\u6587\u5316\uff0c\u4f60\u53c8\u600e\u80fd\u932f\u904e\u5462\uff1f\u4eca\u665a\u5c31\u4ee5\u523a\u8eab\u62fc\u76e4\u4f5c\u665a\u9910\u5427 !<\/p>\n<p>Sushi and Sashimi are the representative symbols of Japanese food culture. How can we miss them? Let\u2019s get a Sashimi platter for tonight\u2019s dinner.<\/p>\n<hr \/>\n<p><strong>\u9eb5\u5305\u8207\u4e73\u88fd\u54c1\u00a0Bakery &amp; Dairy<\/strong><\/p>\n<p><strong><a href=\"\/wp-content\/uploads\/2015\/11\/Bakery-Dairy.jpg\"><img loading=\"lazy\" decoding=\"async\" class=\"alignnone size-medium wp-image-205\" src=\"\/wp-content\/uploads\/2015\/11\/Bakery-Dairy-300x200.jpg\" alt=\"Bakery &amp; Dairy\" width=\"300\" height=\"200\" srcset=\"https:\/\/www.grandmart.com.mo\/wp-content\/uploads\/2015\/11\/Bakery-Dairy-300x200.jpg 300w, https:\/\/www.grandmart.com.mo\/wp-content\/uploads\/2015\/11\/Bakery-Dairy-1024x683.jpg 1024w, https:\/\/www.grandmart.com.mo\/wp-content\/uploads\/2015\/11\/Bakery-Dairy-1140x760.jpg 1140w, https:\/\/www.grandmart.com.mo\/wp-content\/uploads\/2015\/11\/Bakery-Dairy-570x380.jpg 570w, https:\/\/www.grandmart.com.mo\/wp-content\/uploads\/2015\/11\/Bakery-Dairy-380x254.jpg 380w, https:\/\/www.grandmart.com.mo\/wp-content\/uploads\/2015\/11\/Bakery-Dairy-285x190.jpg 285w\" sizes=\"auto, (max-width: 300px) 100vw, 300px\" \/><\/a><\/strong><\/p>\n<p>\u4e00\u65e5\u4e4b\u8a08\u5728\u65bc\u6668\uff0c\u65b0\u9bae\u70d8\u7119\u9eb5\u5305\u7684\u9999\u5473\u559a\u9192\u4f60\u7684\u65e9\u6668\u3002\u5e38\u8aaa\u65e9\u9910\u5e36\u7d66\u6574\u65e5\u5de5\u4f5c\u6240\u9700\u8981\u7684\u80fd\u91cf\uff0c\u6700\u597d\u80fd\u52a0\u4e0a\u4e00\u676f\u725b\u5976\u3001\u8c46\u6f3f\u3001\u5496\u5561\u3001\u837c\u6216\u679c\u6c41\u3002<\/p>\n<p>Good Morning! The smell of our freshly baked bread will wake you up! A good breakfast gives you the energy for a full day work. It comes together with a cup of milk, soya drink, coffee, tea or juice.<\/p>\n<hr \/>\n<p><strong>\u7ce7\u6cb9\u96dc\u8ca8\u00a0<\/strong><strong>Basic Grocery<\/strong><\/p>\n<p><strong><a href=\"\/wp-content\/uploads\/2015\/11\/Basic-Grocery.jpg\"><img loading=\"lazy\" decoding=\"async\" class=\"alignnone size-medium wp-image-206\" src=\"\/wp-content\/uploads\/2015\/11\/Basic-Grocery-300x200.jpg\" alt=\"Basic Grocery\" width=\"300\" height=\"200\" srcset=\"https:\/\/www.grandmart.com.mo\/wp-content\/uploads\/2015\/11\/Basic-Grocery-300x200.jpg 300w, https:\/\/www.grandmart.com.mo\/wp-content\/uploads\/2015\/11\/Basic-Grocery-1024x683.jpg 1024w, https:\/\/www.grandmart.com.mo\/wp-content\/uploads\/2015\/11\/Basic-Grocery-1140x760.jpg 1140w, https:\/\/www.grandmart.com.mo\/wp-content\/uploads\/2015\/11\/Basic-Grocery-570x380.jpg 570w, https:\/\/www.grandmart.com.mo\/wp-content\/uploads\/2015\/11\/Basic-Grocery-380x254.jpg 380w, https:\/\/www.grandmart.com.mo\/wp-content\/uploads\/2015\/11\/Basic-Grocery-285x190.jpg 285w\" sizes=\"auto, (max-width: 300px) 100vw, 300px\" \/><\/a><\/strong><\/p>\n<p>\u9ad8\u746a\u8b93\u4f60\u66f4\u8f15\u9b06\u548c\u8212\u9069\u5730\u8cfc\u8cb7\u8d85\u5e02\u96dc\u8ca8\u3002\u6211\u5011\u63d0\u4f9b\u9f4a\u5099\u7684\u7ce7\u6cb9\u96dc\u8ca8\uff0c\u7c73\u6cb9\u3001\u91ac\u6599\u3001\u7f50\u982d\u3001\u65b9\u4fbf\u9eb5\u548c\u610f\u5927\u5229\u7c89\u3001\u7a40\u7269\u65e9\u9910\u53ca\u6c96\u98f2\u3002\u904e\u5343\u6b3e\u96dc\u8ca8\u5f9e\u4e16\u754c\u5404\u5730\u76f4\u63a5\u5165\u53e3\uff0c\u5e36\u7d66\u4f60\u66f4\u591a\u4e0d\u540c\u7684\u9078\u64c7\u3002<\/p>\n<p>Grand Mart makes your grocery shopping easy and comfortable. From rice, oil, sauce, canned food, noodles &amp; pasta, breakfast &amp; cereal to hot beverage, there are thousands of grocery items from all over the world catering your every day needs.<\/p>\n<hr \/>\n<p><strong>\u751f\u6d3b\u96dc\u8ca8\u00a0<\/strong><strong>Lifestyle Grocery<\/strong><\/p>\n<p><strong><a href=\"\/wp-content\/uploads\/2015\/11\/IMG_3145.jpg\"><img loading=\"lazy\" decoding=\"async\" class=\"alignnone size-medium wp-image-207\" src=\"\/wp-content\/uploads\/2015\/11\/IMG_3145-300x200.jpg\" alt=\"IMG_3145\" width=\"300\" height=\"200\" srcset=\"https:\/\/www.grandmart.com.mo\/wp-content\/uploads\/2015\/11\/IMG_3145-300x200.jpg 300w, https:\/\/www.grandmart.com.mo\/wp-content\/uploads\/2015\/11\/IMG_3145-1024x683.jpg 1024w, https:\/\/www.grandmart.com.mo\/wp-content\/uploads\/2015\/11\/IMG_3145-1140x760.jpg 1140w, https:\/\/www.grandmart.com.mo\/wp-content\/uploads\/2015\/11\/IMG_3145-570x380.jpg 570w, https:\/\/www.grandmart.com.mo\/wp-content\/uploads\/2015\/11\/IMG_3145-380x254.jpg 380w, https:\/\/www.grandmart.com.mo\/wp-content\/uploads\/2015\/11\/IMG_3145-285x190.jpg 285w\" sizes=\"auto, (max-width: 300px) 100vw, 300px\" \/><\/a><\/strong><\/p>\n<p>\u201c\u5982\u679c\u4f60\u60f3\u8981\u4e00\u4e9b\u7279\u5225\u7684\u6771\u897f\uff0c\u4f60\u53ef\u4ee5\u5728\u9019\u88e1\u627e\u5230\u3002\u201d \u6211\u5011\u6709\u5f88\u591a\u512a\u8cea\u7684\u9032\u53e3\u7522\u54c1\uff0c\u5982\u65e5\u672c\u548c\u83d3\u5b50\u79ae\u76d2\u53ca\u6e05\u9152\u3001\u7f8e\u570b\u85af\u7247\u53ca\u4e0d\u540c\u7522\u5730\u7684\u7cbe\u9078\u9910\u9152\u7b49\u3002\u76f8\u4fe1\u4f60\u4e00\u5b9a\u4e0d\u6703\u7a7a\u624b\u800c\u6b78\u7684\u3002<\/p>\n<p>\u201cIf you want something special, you will probably find it here\u201d. We have a lot of premium imported goods, such as Japanese gift box &amp; sake, USA chips, worldwide selected wine, etc. I believe you&#8217;ll not leave here empty handed.<\/p>\n<hr \/>\n<p><strong>\u5b30\u5152\u7528\u54c1\u00a0<\/strong><strong>Baby Care<\/strong><\/p>\n<p><strong><a href=\"\/wp-content\/uploads\/2015\/11\/Baby-Care.jpg\"><img loading=\"lazy\" decoding=\"async\" class=\"attachment-266x266\" src=\"\/wp-content\/uploads\/2015\/11\/Baby-Care1-300x168.jpg\" alt=\"Baby-Care\" width=\"266\" height=\"149\" \/><\/a><\/strong><\/p>\n<p>\u7121\u8ad6\u4f60\u5df2\u662f\u4e00\u500b\u5abd\u5abd\u6216\u5c07\u6703\u6210\u70ba\u6bcd\u89aa\u3002\u6211\u5011\u70ba\u4f60\u63d0\u4f9b\u5404\u6b3e\u512a\u8cea\u5b30\u5152\u7528\u54c1\u3002\u5982\u5b30\u5152\u5976\u7c89\u3001\u5916\u570b\u5b30\u5e7c\u5152\u98df\u54c1\u3001\u6d17\u9aee\u9732\u3001\u6c90\u6d74\u9732\u548c\u5c3f\u7247\u3002<\/p>\n<p>Whether you&#8217;re a mom or a mother-to-be, Grand Mart provides you with\u00a0full range of high quality Baby Care. Infant milk powder, imported baby food &amp; snacks, body wash &amp; shampoo and diapers.<\/p>\n<hr \/>\n<p>&nbsp;<\/p>\n<p><strong>\u6211\u5011\u70ba\u60a8\u6e96\u5099\u597d\u4e86\u3002\u5feb\u4f86\u4eab\u53d7\u4e0d\u4e00\u6a23\u7684\u8cfc\u7269\u9ad4\u9a57\u5427<\/strong><strong> !<\/strong><\/p>\n<p><strong>Please come for an extraordinary shopping experience. We have preparing everything for you!\u00a0 <\/strong><\/p>\n","protected":false},"excerpt":{"rendered":"<p>\u9ad8\u746a\u751f\u6d3b\u767e\u8ca8\u662f\u4e00\u6240\u5d84\u65b0\u6982\u5ff5\u65e5\u5f0f\u8d85\u7d1a\u5e02\u5834\uff0c\u6211\u5011\u70ba\u60a8\u63d0\u4f9b\u8212\u9069\u7684\u8cfc\u7269\u74b0\u5883\uff0c\u66f4\u641c\u7f85\u74b0\u7403\u7cbe\u9078\u98df\u6750\u3002 \u5f9e\u65b0\u9bae\u98df\u54c1\u3001\u7ce7\u6cb9\u96dc\u8ca8 [&hellip;]<\/p>\n","protected":false},"author":2,"featured_media":258,"parent":0,"menu_order":0,"comment_status":"closed","ping_status":"open","template":"","meta":{"footnotes":""},"class_list":["post-2","page","type-page","status-publish","has-post-thumbnail","hentry"],"_links":{"self":[{"href":"https:\/\/www.grandmart.com.mo\/index.php?rest_route=\/wp\/v2\/pages\/2","targetHints":{"allow":["GET"]}}],"collection":[{"href":"https:\/\/www.grandmart.com.mo\/index.php?rest_route=\/wp\/v2\/pages"}],"about":[{"href":"https:\/\/www.grandmart.com.mo\/index.php?rest_route=\/wp\/v2\/types\/page"}],"author":[{"embeddable":true,"href":"https:\/\/www.grandmart.com.mo\/index.php?rest_route=\/wp\/v2\/users\/2"}],"replies":[{"embeddable":true,"href":"https:\/\/www.grandmart.com.mo\/index.php?rest_route=%2Fwp%2Fv2%2Fcomments&post=2"}],"version-history":[{"count":8,"href":"https:\/\/www.grandmart.com.mo\/index.php?rest_route=\/wp\/v2\/pages\/2\/revisions"}],"predecessor-version":[{"id":309,"href":"https:\/\/www.grandmart.com.mo\/index.php?rest_route=\/wp\/v2\/pages\/2\/revisions\/309"}],"wp:featuredmedia":[{"embeddable":true,"href":"https:\/\/www.grandmart.com.mo\/index.php?rest_route=\/wp\/v2\/media\/258"}],"wp:attachment":[{"href":"https:\/\/www.grandmart.com.mo\/index.php?rest_route=%2Fwp%2Fv2%2Fmedia&parent=2"}],"curies":[{"name":"wp","href":"https:\/\/api.w.org\/{rel}","templated":true}]}}